{"id":125,"date":"2024-01-17T15:54:29","date_gmt":"2024-01-17T14:54:29","guid":{"rendered":"http:\/\/boysachtung.com\/?page_id=125"},"modified":"2024-01-17T15:54:29","modified_gmt":"2024-01-17T14:54:29","slug":"about","status":"publish","type":"page","link":"https:\/\/boysachtung.com\/index.php\/about\/","title":{"rendered":"About"},"content":{"rendered":"\n<p>Pitch<\/p>\n\n\n\n<p>Concert de Musiques ElectroPop \/ Cabaret Post Punk \u201cBerlinois\u201d parfois insolite, jeu sc\u00e9nique improbable et chor\u00e9graphies cuistres, n\u00e9anmoins extravagantes : un set \u00e0 la fois empreint de prestance et de d\u00e9gingandement interpr\u00e9t\u00e9 par deux individus myst\u00e9rieux, hybrides, issus de contr\u00e9es inconnues. Piano-jouets maltrait\u00e9s, Synth\u00e9tiseurs assassins, fl\u00fbtes tonitruantes, percussions improbables mais orgue en formica&#8230;<\/p>\n\n\n\n<p>Inspirations<\/p>\n\n\n\n<p>Les ann\u00e9es situ\u00e9es entre 1977 et 1985 : Orchestral Man\u0153uvre in the Dark, Suicide, D.A.F, Joy Division, New Order, Soft Cell, Depeche Mode, Devo, B52\u2019s, Anne Clark&#8230; mais aussi : Sex Pistols, Iggy Pop (the Idiot)<\/p>\n\n\n\n<p>Synopsis<\/p>\n\n\n\n<p>Tel des catcheurs d\u00e9boulant solennellement sur leur ring, Boys Achtung entonne une chanson de cabaret Berlinois Kraut-Rock ; s\u2019encha\u00eenent alors une ribambelle d\u2019instant musicaux inspir\u00e9s de Synth\u00e9 Pop, de musique punk et post-punk. C\u2019est comme si la fin des ann\u00e9es 70 et le d\u00e9but des ann\u00e9es 80 venaient nous redire les sons et les paroles essentielles, un rappel \u00e0 l\u2019adolescence \u00e9ternelle.<\/p>\n\n\n\n<p>D\u2019o\u00f9 viennent-ils ? A ce jour, la langue allemande est mise \u00e0 l\u2019honneur, avec la douce sonorit\u00e9 des textes de Goethe, Else Lasker-Sch\u00fcler, Erich K\u00e4stner&#8230;<\/p>\n\n\n\n<p>Un peu d\u2019anglais avec les Sex Pistols version chorale. Tiens ? D\u2019un claquement de doigts nous voil\u00e0 transport\u00e9s au Br\u00e9sil, lors de leur combat &#8211; danse maculele aux fl\u00fbtes guerri\u00e8res !<\/p>\n","protected":false},"excerpt":{"rendered":"<p>Pitch Concert de Musiques ElectroPop \/ Cabaret Post Punk \u201cBerlinois\u201d parfois insolite, jeu sc\u00e9nique improbable et chor\u00e9graphies cuistres, n\u00e9anmoins extravagantes : un set \u00e0 la fois empreint de prestance et de d\u00e9gingandement interpr\u00e9t\u00e9 par deux individus myst\u00e9rieux, hybrides, issus de contr\u00e9es inconnues. Piano-jouets maltrait\u00e9s, Synth\u00e9tiseurs assassins, fl\u00fbtes tonitruantes, percussions improbables&#8230;<\/p>\n","protected":false},"author":1,"featured_media":0,"parent":0,"menu_order":0,"comment_status":"closed","ping_status":"closed","template":"","meta":{"footnotes":""},"class_list":["post-125","page","type-page","status-publish","hentry"],"_links":{"self":[{"href":"https:\/\/boysachtung.com\/index.php\/wp-json\/wp\/v2\/pages\/125","targetHints":{"allow":["GET"]}}],"collection":[{"href":"https:\/\/boysachtung.com\/index.php\/wp-json\/wp\/v2\/pages"}],"about":[{"href":"https:\/\/boysachtung.com\/index.php\/wp-json\/wp\/v2\/types\/page"}],"author":[{"embeddable":true,"href":"https:\/\/boysachtung.com\/index.php\/wp-json\/wp\/v2\/users\/1"}],"replies":[{"embeddable":true,"href":"https:\/\/boysachtung.com\/index.php\/wp-json\/wp\/v2\/comments?post=125"}],"version-history":[{"count":1,"href":"https:\/\/boysachtung.com\/index.php\/wp-json\/wp\/v2\/pages\/125\/revisions"}],"predecessor-version":[{"id":126,"href":"https:\/\/boysachtung.com\/index.php\/wp-json\/wp\/v2\/pages\/125\/revisions\/126"}],"wp:attachment":[{"href":"https:\/\/boysachtung.com\/index.php\/wp-json\/wp\/v2\/media?parent=125"}],"curies":[{"name":"wp","href":"https:\/\/api.w.org\/{rel}","templated":true}]}}